{"id":8228,"date":"2016-09-05T18:37:38","date_gmt":"2016-09-05T15:37:38","guid":{"rendered":"https:\/\/www.villabordeaux-santorini.com\/?page_id=8228"},"modified":"2024-06-03T18:01:20","modified_gmt":"2024-06-03T15:01:20","slug":"8228-2","status":"publish","type":"page","link":"https:\/\/vbs.gr\/fr\/","title":{"rendered":"Home"},"content":{"rendered":"<h1 class=\"title\">Tout est derri\u00e8re personne n\u2019est devant<\/h1>\n<div class=\"divider\"><\/div>\n<p><!--div class=\"text\">\n\n\n<div class=\"text__inner everybody\">\n\n1. L'emplacement magnifique en plein c\u0153ur de la capitale Fira. La Villa Bordeaux est situ\u00e9e sur la premi\u00e8re ligne de la falaise, \u00e0 250 m\u00e8tres au-dessus du niveau de la mer, avec vue panoramique sur le bleu \u00e9ternel de la mer \u00c9g\u00e9e, le volcan et les c\u00e9l\u00e8bres couchers de soleil de Santorin.\n\n2. Une perle pour les amateurs d'intimit\u00e9 ultime et de service: un h\u00f4tel de charme avec seulement 4 suites luxueuses avec les meilleurs \u00e9quipements et les plus hauts standards de qualit\u00e9 du service.\n\n3. La plus grande piscine panoramique \u00e0 d\u00e9bordement de Fira qui est exclusivement r\u00e9serv\u00e9e aux clients de la Villa Bordeaux.\n\n4. Le b\u00e2timent historique du 19\u00e8me si\u00e8cle enti\u00e8rement r\u00e9nov\u00e9 combine des ext\u00e9rieurs n\u00e9oclassiques et des int\u00e9rieurs contemporains.\n\n5. Le seul restaurant gastronomique fran\u00e7ais de Santorin avec un m\u00e9lange d'\u00e9coles gastronomiques fran\u00e7aises, grecques, m\u00e9diterran\u00e9ennes et espagnoles, cr\u00e9\u00e9 par le c\u00e9l\u00e8bre chef Jerome Coustillas.\n\n6. L'endroit id\u00e9al pour un \u00e9v\u00e9nement sp\u00e9cial: un d\u00eener romantique, des vacances en famille ou un mariage inoubliable \u00e0 Santorin - laissez-nous nous occuper de tous les d\u00e9tails et adorons et gardons les meilleurs moments de votre vie dans le plus beau et le plus romantique du monde paysage.\n\n<\/div>\n\n\n<\/div-->\n","protected":false},"excerpt":{"rendered":"<p>Tout est derri\u00e8re personne n\u2019est devant<\/p>\n","protected":false},"author":1,"featured_media":0,"parent":0,"menu_order":0,"comment_status":"closed","ping_status":"closed","template":"templates\/template--homepage.php","meta":{"_acf_changed":false,"footnotes":""},"acf":[],"_links":{"self":[{"href":"https:\/\/vbs.gr\/fr\/wp-json\/wp\/v2\/pages\/8228"}],"collection":[{"href":"https:\/\/vbs.gr\/fr\/wp-json\/wp\/v2\/pages"}],"about":[{"href":"https:\/\/vbs.gr\/fr\/wp-json\/wp\/v2\/types\/page"}],"author":[{"embeddable":true,"href":"https:\/\/vbs.gr\/fr\/wp-json\/wp\/v2\/users\/1"}],"replies":[{"embeddable":true,"href":"https:\/\/vbs.gr\/fr\/wp-json\/wp\/v2\/comments?post=8228"}],"version-history":[{"count":9,"href":"https:\/\/vbs.gr\/fr\/wp-json\/wp\/v2\/pages\/8228\/revisions"}],"predecessor-version":[{"id":52976,"href":"https:\/\/vbs.gr\/fr\/wp-json\/wp\/v2\/pages\/8228\/revisions\/52976"}],"wp:attachment":[{"href":"https:\/\/vbs.gr\/fr\/wp-json\/wp\/v2\/media?parent=8228"}],"curies":[{"name":"wp","href":"https:\/\/api.w.org\/{rel}","templated":true}]}}