{"id":8244,"date":"2019-09-05T14:46:25","date_gmt":"2019-09-05T11:46:25","guid":{"rendered":"https:\/\/www.villabordeaux-santorini.com\/?page_id=8244"},"modified":"2025-08-13T17:14:17","modified_gmt":"2025-08-13T14:14:17","slug":"bookings-restaurant","status":"publish","type":"page","link":"https:\/\/vbs.gr\/fr\/bookings-restaurant\/","title":{"rendered":"R\u00e9servations de tables"},"content":{"rendered":"<h1 class=\"title\" style=\"margin-top:4rem\">Options de r\u00e9servation<\/h1>\n<div class=\"divider\"><\/div>\n<p style=\"font-size:1rem; color: white; max-width: 40rem; margin:auto; padding-bottom: 3rem; font-family: PF Bague Sans Pro,Calibri,Helvetica,Arial,sans-serif;\">\u00c9tant donn\u00e9 que notre cuisine est bas\u00e9e sur les ingr\u00e9dients les plus fins et les plus frais des terres volcaniques des Cyclades qui n\u00e9cessitent une pr\u00e9paration quotidienne sp\u00e9ciale en fonction du nombre d&rsquo;invit\u00e9s, la politique de r\u00e9servation suivante est appliqu\u00e9e:<\/p>\n","protected":false},"excerpt":{"rendered":"<p>Options de r\u00e9servation \u00c9tant donn\u00e9 que notre cuisine est bas\u00e9e sur les ingr\u00e9dients les plus fins et les plus frais des terres volcaniques des Cyclades qui n\u00e9cessitent une pr\u00e9paration quotidienne sp\u00e9ciale en fonction du nombre d&rsquo;invit\u00e9s, la politique de r\u00e9servation suivante est appliqu\u00e9e:<\/p>\n","protected":false},"author":1,"featured_media":0,"parent":0,"menu_order":0,"comment_status":"closed","ping_status":"closed","template":"templates\/template--restaurant-bookings.php","meta":{"_acf_changed":false,"footnotes":""},"acf":[],"_links":{"self":[{"href":"https:\/\/vbs.gr\/fr\/wp-json\/wp\/v2\/pages\/8244"}],"collection":[{"href":"https:\/\/vbs.gr\/fr\/wp-json\/wp\/v2\/pages"}],"about":[{"href":"https:\/\/vbs.gr\/fr\/wp-json\/wp\/v2\/types\/page"}],"author":[{"embeddable":true,"href":"https:\/\/vbs.gr\/fr\/wp-json\/wp\/v2\/users\/1"}],"replies":[{"embeddable":true,"href":"https:\/\/vbs.gr\/fr\/wp-json\/wp\/v2\/comments?post=8244"}],"version-history":[{"count":26,"href":"https:\/\/vbs.gr\/fr\/wp-json\/wp\/v2\/pages\/8244\/revisions"}],"predecessor-version":[{"id":77617,"href":"https:\/\/vbs.gr\/fr\/wp-json\/wp\/v2\/pages\/8244\/revisions\/77617"}],"wp:attachment":[{"href":"https:\/\/vbs.gr\/fr\/wp-json\/wp\/v2\/media?parent=8244"}],"curies":[{"name":"wp","href":"https:\/\/api.w.org\/{rel}","templated":true}]}}