{"id":8799,"date":"2020-07-24T14:17:48","date_gmt":"2020-07-24T11:17:48","guid":{"rendered":"https:\/\/www.villabordeaux-santorini.com\/?page_id=8799"},"modified":"2026-03-03T14:58:39","modified_gmt":"2026-03-03T12:58:39","slug":"hotel-booking","status":"publish","type":"page","link":"https:\/\/vbs.gr\/fr\/hotel-booking\/","title":{"rendered":"R\u00e9servation"},"content":{"rendered":"<h2 class=\"p1\">Les avantages de la r\u00e9servation directe<\/h2>\n<p class=\"p1\">Offre sp\u00e9ciale:<\/p>\n<ul class=\"disc\">\n<li>\n<p class=\"p1\">Obtenez 15% de r\u00e9duction sur toutes les r\u00e9servations.<\/p>\n<\/li>\n<li>\n<p class=\"p1\">Payez 6 nuits, restez 7 nuits.<\/p>\n<\/li>\n<li>\n<p class=\"p1\">Offre sp\u00e9ciale pour la saison 2020, r\u00e9servez plus d&rsquo;une chambre chez nous et profitez d&rsquo;une r\u00e9duction de 30% sur l&rsquo;ensemble de votre s\u00e9jour.<br \/>\nVeuillez nous contacter par e-mail pour en savoir plus sur cette offre.<\/p>\n<\/li>\n<\/ul>\n<p><span style=\"display: block; text-align: center;\"><a target=\"_blank\" href=\"https:\/\/www.tripadvisor.com\/Restaurant_Review-g482942-d12347611-Reviews-La_Colline_Restaurant-Fira_Santorini_Cyclades_South_Aegean.html\" rel=\"noopener nofollow\"><img decoding=\"async\" style=\"object-fit: cover; width: 100px;\" src=\"https:\/\/vbs.gr\/wp-content\/uploads\/2024\/05\/obrabotat-izobrazhenija-20.05.2024-12_46_53-13726.png\" width=\"151\" height=\"100\" alt=\"Tripadvisor\" class=\"false\" id=\"false\"\/><\/a><a target=\"_blank\" href=\"https:\/\/www.tripadvisor.com\/Hotel_Review-g482942-d12347196-Reviews-Villa_Bordeaux-Fira_Santorini_Cyclades_South_Aegean.html\" rel=\"noopener nofollow\"><img decoding=\"async\" style=\"object-fit: cover; width: 100px;\" src=\"https:\/\/vbs.gr\/wp-content\/uploads\/2024\/05\/obrabotat-izobrazhenija-20.05.2024-12_46_53-13208.png\" width=\"151\" height=\"100\" alt=\"TripAdvisor\" class=\"widCOEImg\" id=\"CDSWIDCOELOGO\"\/><\/a><a target=\"_blank\" href=\"https:\/\/www.tripadvisor.com\/Hotel_Review-g482942-d12347196-Reviews-Villa_Bordeaux-Fira_Santorini_Cyclades_South_Aegean.html\" rel=\"noopener nofollow\"><img decoding=\"async\" style=\"object-fit: cover; width: 100px;\" src=\"https:\/\/vbs.gr\/wp-content\/uploads\/2024\/05\/obrabotat-izobrazhenija-20.05.2024-12_46_54-14241.png\" width=\"151\" height=\"100\" alt=\"TripAdvisor\" class=\"widCOEImg\" id=\"CDSWIDCOELOGO\"\/><\/a><\/span><\/p>\n<h2 class=\"p1\">Exclusivement pour vous les avantages sp\u00e9ciaux :<\/h2>\n<ul class=\"disc\">\n<li>\n<p class=\"p1\">Garantie du meilleur prix. Contactez-nous directement pour \u00eatre s\u00fbr d&rsquo;obtenir le meilleur prix garanti.<\/p>\n<\/li>\n<li>\n<p class=\"p1\">D\u00eener gratuit au coucher du soleil pour 2 personnes (pour chaque 3 nuits de s\u00e9jour chez nous).<\/p>\n<\/li>\n<li>\n<p class=\"p1\">\u00a0Ap\u00e9ritif et plateau de fruits offerts \u00e0 l&rsquo;arriv\u00e9e.<\/p>\n<\/li>\n<li>\n<p class=\"p1\">\u00a0Surclassement des chambres (selon disponibilit\u00e9).<\/p>\n<\/li>\n<li>\n<p class=\"p1\">\u00a0Enregistrement anticip\u00e9 et d\u00e9part tardif (selon disponibilit\u00e9).<\/p>\n<\/li>\n<li>\n<p class=\"p1\">\u00a0Service de transfert gratuit entre l&rsquo;a\u00e9roport et le port. Contactez-nous au moins 24 heures \u00e0 l&rsquo;avance pour organiser votre transport gratuit.<\/p>\n<\/li>\n<li>\n<p class=\"p1\">\u00a0Flexibilit\u00e9. Obtenez une assistance imm\u00e9diate pour modifier votre r\u00e9servation (changement de dates, prolongation de votre s\u00e9jour).<\/p>\n<\/li>\n<li>\n<p class=\"p1\">\u00a0S\u00e9jour sur mesure. Indiquez vos pr\u00e9f\u00e9rences, soulignez vos demandes ou vos besoins particuliers et faites en sorte que tout soit parfaitement organis\u00e9 d\u00e8s votre arriv\u00e9e.<\/p>\n<\/li>\n<\/ul>\n","protected":false},"excerpt":{"rendered":"<p>Les avantages de la r\u00e9servation directe Offre sp\u00e9ciale: Obtenez 15% de r\u00e9duction sur toutes les r\u00e9servations. Payez 6 nuits, restez 7 nuits. Offre sp\u00e9ciale pour la saison 2020, r\u00e9servez plus d&rsquo;une chambre chez nous et profitez d&rsquo;une r\u00e9duction de 30% sur l&rsquo;ensemble de votre s\u00e9jour. Veuillez nous contacter par e-mail pour en savoir plus sur [&hellip;]<\/p>\n","protected":false},"author":1,"featured_media":0,"parent":0,"menu_order":0,"comment_status":"closed","ping_status":"closed","template":"templates\/template--bookroom.php","meta":{"_acf_changed":false,"footnotes":""},"acf":[],"_links":{"self":[{"href":"https:\/\/vbs.gr\/fr\/wp-json\/wp\/v2\/pages\/8799"}],"collection":[{"href":"https:\/\/vbs.gr\/fr\/wp-json\/wp\/v2\/pages"}],"about":[{"href":"https:\/\/vbs.gr\/fr\/wp-json\/wp\/v2\/types\/page"}],"author":[{"embeddable":true,"href":"https:\/\/vbs.gr\/fr\/wp-json\/wp\/v2\/users\/1"}],"replies":[{"embeddable":true,"href":"https:\/\/vbs.gr\/fr\/wp-json\/wp\/v2\/comments?post=8799"}],"version-history":[{"count":12,"href":"https:\/\/vbs.gr\/fr\/wp-json\/wp\/v2\/pages\/8799\/revisions"}],"predecessor-version":[{"id":80110,"href":"https:\/\/vbs.gr\/fr\/wp-json\/wp\/v2\/pages\/8799\/revisions\/80110"}],"wp:attachment":[{"href":"https:\/\/vbs.gr\/fr\/wp-json\/wp\/v2\/media?parent=8799"}],"curies":[{"name":"wp","href":"https:\/\/api.w.org\/{rel}","templated":true}]}}